{"id":10,"date":"2023-02-15T13:06:42","date_gmt":"2023-02-15T13:06:42","guid":{"rendered":"https:\/\/bouhedma.inrgref.ctfc.cat\/?page_id=10"},"modified":"2023-02-15T13:06:42","modified_gmt":"2023-02-15T13:06:42","slug":"activites-principales","status":"publish","type":"page","link":"https:\/\/bouhedma.inrgref.ctfc.cat\/?page_id=10","title":{"rendered":"<strong>Activit\u00e9s principales\u00a0<\/strong>"},"content":{"rendered":"\n<p>* Diagnostic environnemental et socio\u00e9conomique du secteur concern\u00e9.<\/p>\n\n\n\n<p>* Analyse des ressources, des potentialit\u00e9s agro-sylvo-pastorales et des effets des activit\u00e9s actuelles sur la conservation de la biodiversit\u00e9.<\/p>\n\n\n\n<p>* Formation et transfert de technologies aux techniciens et aux communaut\u00e9s locales vuln\u00e9rables (femmes, jeunes\u2026) pour la&nbsp; production de plants de p\u00e9pini\u00e8res et mise en \u00e9tat et am\u00e9lioration de la production de plants.<\/p>\n\n\n\n<p>* Ateliers participatifs et cr\u00e9ation d\u2019un syst\u00e8me local de m\u00e9diateurs pour une interlocution efficace pour l\u2019identification des probl\u00e8mes r\u00e9els et approbation de&nbsp; nouvelles activit\u00e9s.<\/p>\n\n\n\n<p>* D\u00e9finition de directives finales de gestion et am\u00e9lioration durable des ressources agro-sylvo-pastorales du PN de Bou-Hedma ainsi que l\u2019augmentation des revenus des populations d\u00e9favoris\u00e9es.<\/p>\n","protected":false},"excerpt":{"rendered":"<p>* Diagnostic environnemental et socio\u00e9conomique du secteur concern\u00e9. * Analyse des ressources, des potentialit\u00e9s agro-sylvo-pastorales et des effets des activit\u00e9s actuelles sur la conservation de la biodiversit\u00e9. * Formation et transfert de technologies aux techniciens et aux communaut\u00e9s locales vuln\u00e9rables (femmes, jeunes\u2026) pour la&nbsp; production de plants de p\u00e9pini\u00e8res et mise en \u00e9tat et am\u00e9lioration [&hellip;]<\/p>\n","protected":false},"author":1,"featured_media":0,"parent":0,"menu_order":0,"comment_status":"closed","ping_status":"closed","template":"","meta":{"om_disable_all_campaigns":false,"_mi_skip_tracking":false,"_themeisle_gutenberg_block_has_review":false,"footnotes":""},"class_list":["post-10","page","type-page","status-publish","hentry","entry"],"aioseo_notices":[],"_links":{"self":[{"href":"https:\/\/bouhedma.inrgref.ctfc.cat\/index.php?rest_route=\/wp\/v2\/pages\/10","targetHints":{"allow":["GET"]}}],"collection":[{"href":"https:\/\/bouhedma.inrgref.ctfc.cat\/index.php?rest_route=\/wp\/v2\/pages"}],"about":[{"href":"https:\/\/bouhedma.inrgref.ctfc.cat\/index.php?rest_route=\/wp\/v2\/types\/page"}],"author":[{"embeddable":true,"href":"https:\/\/bouhedma.inrgref.ctfc.cat\/index.php?rest_route=\/wp\/v2\/users\/1"}],"replies":[{"embeddable":true,"href":"https:\/\/bouhedma.inrgref.ctfc.cat\/index.php?rest_route=%2Fwp%2Fv2%2Fcomments&post=10"}],"version-history":[{"count":1,"href":"https:\/\/bouhedma.inrgref.ctfc.cat\/index.php?rest_route=\/wp\/v2\/pages\/10\/revisions"}],"predecessor-version":[{"id":11,"href":"https:\/\/bouhedma.inrgref.ctfc.cat\/index.php?rest_route=\/wp\/v2\/pages\/10\/revisions\/11"}],"wp:attachment":[{"href":"https:\/\/bouhedma.inrgref.ctfc.cat\/index.php?rest_route=%2Fwp%2Fv2%2Fmedia&parent=10"}],"curies":[{"name":"wp","href":"https:\/\/api.w.org\/{rel}","templated":true}]}}