{"id":2,"date":"2023-02-15T13:01:08","date_gmt":"2023-02-15T13:01:08","guid":{"rendered":"https:\/\/bouhedma.inrgref.ctfc.cat\/?page_id=2"},"modified":"2023-02-17T07:30:05","modified_gmt":"2023-02-17T07:30:05","slug":"sample-page","status":"publish","type":"page","link":"https:\/\/bouhedma.inrgref.ctfc.cat\/","title":{"rendered":"<strong>Contribution \u00e0 la mise au point d\u2019un Mod\u00e8le Int\u00e9gr\u00e9 d\u2019Am\u00e9lioration, d\u2019Am\u00e9nagement et de Gestion Agro-sylvo-pastoraux compatibles avec les Objectifs de Conservation et orient\u00e9 vers les communaut\u00e9s vuln\u00e9rables des zones p\u00e9riph\u00e9riques du Parc National de Bou-HedmaBouhedma Tunisia<\/strong>"},"content":{"rendered":"\n<div id=\"wp-block-themeisle-blocks-slider-e35df084\" class=\"wp-block-themeisle-blocks-slider alignwide glide\" data-per-view=\"1\" data-gap=\"0\" data-peek=\"0\" data-autoplay=\"true\" data-height=\"600px\" data-hide-arrows=\"false\"><div class=\"glide__track\" data-glide-el=\"track\"><div class=\"glide__slides\"><div class=\"wp-block-themeisle-blocks-slider-item-wrapper glide__slide\" tabindex=\"0\"><figure><img decoding=\"async\" class=\"wp-block-themeisle-blocks-slider-item\" src=\"https:\/\/bouhedma.inrgref.ctfc.cat\/wp-content\/uploads\/2023\/02\/DSC06710-scaled.jpg\" alt=\"\" title=\"\" data-id=\"135\"\/><\/figure><\/div><div class=\"wp-block-themeisle-blocks-slider-item-wrapper glide__slide\" tabindex=\"0\"><figure><img decoding=\"async\" class=\"wp-block-themeisle-blocks-slider-item\" src=\"https:\/\/bouhedma.inrgref.ctfc.cat\/wp-content\/uploads\/2023\/02\/DSC06583-scaled.jpg\" alt=\"\" title=\"\" data-id=\"133\"\/><\/figure><\/div><div class=\"wp-block-themeisle-blocks-slider-item-wrapper glide__slide\" tabindex=\"0\"><figure><img decoding=\"async\" class=\"wp-block-themeisle-blocks-slider-item\" src=\"https:\/\/bouhedma.inrgref.ctfc.cat\/wp-content\/uploads\/2023\/02\/DSC06661-scaled.jpg\" alt=\"\" title=\"\" data-id=\"134\"\/><\/figure><\/div><div class=\"wp-block-themeisle-blocks-slider-item-wrapper glide__slide\" tabindex=\"0\"><figure><img decoding=\"async\" class=\"wp-block-themeisle-blocks-slider-item\" src=\"https:\/\/bouhedma.inrgref.ctfc.cat\/wp-content\/uploads\/2023\/02\/T50-zona-est.jpg\" alt=\"\" title=\"\" data-id=\"157\"\/><\/figure><\/div><\/div><div class=\"glide__bullets\" data-glide-el=\"controls[nav]\"><button class=\"glide__bullet\" data-glide-dir=\"=0\"><\/button><button class=\"glide__bullet\" data-glide-dir=\"=1\"><\/button><button class=\"glide__bullet\" data-glide-dir=\"=2\"><\/button><button class=\"glide__bullet\" data-glide-dir=\"=3\"><\/button><\/div><\/div><\/div>\n\n\n\n<p><br><strong>Titre du projet :<\/strong>&nbsp;\u201c<strong><em>Contribution \u00e0 la mise au point d\u2019un Mod\u00e8le Int\u00e9gr\u00e9 d\u2019Am\u00e9lioration, d\u2019Am\u00e9nagement et de Gestion Agro-sylvo-pastoraux compatibles avec les Objectifs de Conservation et orient\u00e9 vers les communaut\u00e9s vuln\u00e9rables des zones p\u00e9riph\u00e9riques du Parc National de Bou-Hedma<\/em><\/strong>\u201d<\/p>\n\n\n\n<p><strong>Financement :<\/strong>&nbsp;Commission Europ\u00e9enne<\/p>\n\n\n\n<p><strong>Coordinateur de projet :<\/strong>&nbsp;<a href=\"https:\/\/ctfc.cat\/\" target=\"_blank\" rel=\"noreferrer noopener\">Centre de Sciences et&nbsp;Recherches&nbsp;Foresti\u00e8res de&nbsp;Catalogne (CTFC)<\/a><\/p>\n\n\n\n<p><strong>Partenaire&nbsp;:<\/strong> <a href=\"http:\/\/www.inrgref.agrinet.tn\/fr\/\" target=\"_blank\" rel=\"noreferrer noopener\">Institut National de la Recherche en G\u00e9nie Rural, Eaux et For\u00eats (INRGREF)<\/a><\/p>\n\n\n\n<p><strong>Dur\u00e9e :<\/strong>&nbsp;2012 \u2013 2015<\/p>\n\n\n\n<p><strong>Budget total :<\/strong>&nbsp;529.847 \u20ac<\/p>\n\n\n\n<p><\/p>\n","protected":false},"excerpt":{"rendered":"<p>Titre du projet :&nbsp;\u201cContribution \u00e0 la mise au point d\u2019un Mod\u00e8le Int\u00e9gr\u00e9 d\u2019Am\u00e9lioration, d\u2019Am\u00e9nagement et de Gestion Agro-sylvo-pastoraux compatibles avec les Objectifs de Conservation et orient\u00e9 vers les communaut\u00e9s vuln\u00e9rables des zones p\u00e9riph\u00e9riques du Parc National de Bou-Hedma\u201d Financement :&nbsp;Commission Europ\u00e9enne Coordinateur de projet :&nbsp;Centre de Sciences et&nbsp;Recherches&nbsp;Foresti\u00e8res de&nbsp;Catalogne (CTFC) Partenaire&nbsp;: Institut National de la [&hellip;]<\/p>\n","protected":false},"author":1,"featured_media":0,"parent":0,"menu_order":0,"comment_status":"closed","ping_status":"closed","template":"","meta":{"om_disable_all_campaigns":false,"_mi_skip_tracking":false,"_themeisle_gutenberg_block_has_review":false,"footnotes":""},"class_list":["post-2","page","type-page","status-publish","hentry","entry"],"aioseo_notices":[],"_links":{"self":[{"href":"https:\/\/bouhedma.inrgref.ctfc.cat\/index.php?rest_route=\/wp\/v2\/pages\/2","targetHints":{"allow":["GET"]}}],"collection":[{"href":"https:\/\/bouhedma.inrgref.ctfc.cat\/index.php?rest_route=\/wp\/v2\/pages"}],"about":[{"href":"https:\/\/bouhedma.inrgref.ctfc.cat\/index.php?rest_route=\/wp\/v2\/types\/page"}],"author":[{"embeddable":true,"href":"https:\/\/bouhedma.inrgref.ctfc.cat\/index.php?rest_route=\/wp\/v2\/users\/1"}],"replies":[{"embeddable":true,"href":"https:\/\/bouhedma.inrgref.ctfc.cat\/index.php?rest_route=%2Fwp%2Fv2%2Fcomments&post=2"}],"version-history":[{"count":17,"href":"https:\/\/bouhedma.inrgref.ctfc.cat\/index.php?rest_route=\/wp\/v2\/pages\/2\/revisions"}],"predecessor-version":[{"id":198,"href":"https:\/\/bouhedma.inrgref.ctfc.cat\/index.php?rest_route=\/wp\/v2\/pages\/2\/revisions\/198"}],"wp:attachment":[{"href":"https:\/\/bouhedma.inrgref.ctfc.cat\/index.php?rest_route=%2Fwp%2Fv2%2Fmedia&parent=2"}],"curies":[{"name":"wp","href":"https:\/\/api.w.org\/{rel}","templated":true}]}}