{"id":21,"date":"2023-02-15T13:13:22","date_gmt":"2023-02-15T13:13:22","guid":{"rendered":"https:\/\/bouhedma.inrgref.ctfc.cat\/?page_id=21"},"modified":"2023-02-17T11:43:21","modified_gmt":"2023-02-17T11:43:21","slug":"patrimoine-archeologique","status":"publish","type":"page","link":"https:\/\/bouhedma.inrgref.ctfc.cat\/?page_id=21","title":{"rendered":"<strong>Patrimoine arch\u00e9ologique<\/strong>"},"content":{"rendered":"\n<p><\/p>\n\n\n\n<p>Le Parc contient de nombreux tr\u00e9sors arch\u00e9ologiques tels qu\u2019un ouvrage romain de d\u00e9rivation hydraulique de l\u2019oued Haddaj dans un \u00e9tat de conservation remarquable, des ruines de villas romaines, des citernes bien conserv\u00e9es, des monuments fun\u00e9raires romains, des\u2019 tumulus, des tombes n\u00e9olithiques, des vestiges d\u2019aqueduc, des grottes berb\u00e8res, des silex taill\u00e9s\u2026<\/p>\n\n\n<div class=\"wp-block-image\">\n<figure class=\"aligncenter size-full is-resized\"><img loading=\"lazy\" decoding=\"async\" src=\"https:\/\/bouhedma.inrgref.ctfc.cat\/wp-content\/uploads\/2023\/02\/DSC02139-edited.jpg\" alt=\"\" class=\"wp-image-212\" width=\"351\" height=\"197\" srcset=\"https:\/\/bouhedma.inrgref.ctfc.cat\/wp-content\/uploads\/2023\/02\/DSC02139-edited.jpg 640w, https:\/\/bouhedma.inrgref.ctfc.cat\/wp-content\/uploads\/2023\/02\/DSC02139-edited-300x169.jpg 300w\" sizes=\"auto, (max-width: 351px) 100vw, 351px\" \/><\/figure>\n<\/div>\n\n\n<p><\/p>\n","protected":false},"excerpt":{"rendered":"<p>Le Parc contient de nombreux tr\u00e9sors arch\u00e9ologiques tels qu\u2019un ouvrage romain de d\u00e9rivation hydraulique de l\u2019oued Haddaj dans un \u00e9tat de conservation remarquable, des ruines de villas romaines, des citernes bien conserv\u00e9es, des monuments fun\u00e9raires romains, des\u2019 tumulus, des tombes n\u00e9olithiques, des vestiges d\u2019aqueduc, des grottes berb\u00e8res, des silex taill\u00e9s\u2026<\/p>\n","protected":false},"author":1,"featured_media":0,"parent":0,"menu_order":0,"comment_status":"closed","ping_status":"closed","template":"","meta":{"om_disable_all_campaigns":false,"_mi_skip_tracking":false,"_themeisle_gutenberg_block_has_review":false,"footnotes":""},"class_list":["post-21","page","type-page","status-publish","hentry","entry"],"aioseo_notices":[],"_links":{"self":[{"href":"https:\/\/bouhedma.inrgref.ctfc.cat\/index.php?rest_route=\/wp\/v2\/pages\/21","targetHints":{"allow":["GET"]}}],"collection":[{"href":"https:\/\/bouhedma.inrgref.ctfc.cat\/index.php?rest_route=\/wp\/v2\/pages"}],"about":[{"href":"https:\/\/bouhedma.inrgref.ctfc.cat\/index.php?rest_route=\/wp\/v2\/types\/page"}],"author":[{"embeddable":true,"href":"https:\/\/bouhedma.inrgref.ctfc.cat\/index.php?rest_route=\/wp\/v2\/users\/1"}],"replies":[{"embeddable":true,"href":"https:\/\/bouhedma.inrgref.ctfc.cat\/index.php?rest_route=%2Fwp%2Fv2%2Fcomments&post=21"}],"version-history":[{"count":8,"href":"https:\/\/bouhedma.inrgref.ctfc.cat\/index.php?rest_route=\/wp\/v2\/pages\/21\/revisions"}],"predecessor-version":[{"id":262,"href":"https:\/\/bouhedma.inrgref.ctfc.cat\/index.php?rest_route=\/wp\/v2\/pages\/21\/revisions\/262"}],"wp:attachment":[{"href":"https:\/\/bouhedma.inrgref.ctfc.cat\/index.php?rest_route=%2Fwp%2Fv2%2Fmedia&parent=21"}],"curies":[{"name":"wp","href":"https:\/\/api.w.org\/{rel}","templated":true}]}}