{"id":23,"date":"2023-02-15T13:14:38","date_gmt":"2023-02-15T13:14:38","guid":{"rendered":"https:\/\/bouhedma.inrgref.ctfc.cat\/?page_id=23"},"modified":"2023-02-17T07:43:37","modified_gmt":"2023-02-17T07:43:37","slug":"ecotourisme","status":"publish","type":"page","link":"https:\/\/bouhedma.inrgref.ctfc.cat\/?page_id=23","title":{"rendered":"<strong>Ecotourisme<\/strong>"},"content":{"rendered":"\n<h2 class=\"wp-block-heading\">L&#8217;Ecotourisme en Tunisie\u00a0:<\/h2>\n\n\n\n<p>L\u2019\u00e9cotourisme en Tunisie est encore dans un stade initial d\u2019\u00e9volution qui correspond \u00e0 la phase d\u2019exp\u00e9rimentation de nouveau produit. C\u2019est uniquement \u00e0 partir de 2008 que les premiers documents strat\u00e9giques sur l\u2019\u00e9cotourisme commencent \u00e0 appara\u00eetre. Selon l\u2019\u00e9tude strat\u00e9gique sur le d\u00e9veloppement de l\u2019\u00e9cotourisme en Tunisie, \u00e9labor\u00e9 en 2008 par le MEDD, avec la collaboration de la GTZ, la Tunisie dispose d\u2019un potentiel naturel vari\u00e9 lui permettant la promotion et le d\u00e9veloppement du tourisme \u00e9cologique. Il existe, dans le pays, autour de soixante sites, qui, par leurs sp\u00e9cificit\u00e9s et leurs caract\u00e9ristiques, ont retenu l\u2019attention des sp\u00e9cialistes nationaux et internationaux (MEDD, 2009). La richesse des ressources naturelles faunistiques, floristiques, g\u00e9ologiques, culturelles et humaines, en Tunisie, favorise des possibilit\u00e9s d\u2019activit\u00e9s \u00e9cotouristiques tr\u00e8s diversifi\u00e9es (par ex. l\u2019observation de la nature, les randonn\u00e9es, l\u2019agritourisme, la valorisation des arts et traditions populaires).<\/p>\n\n\n\n<p>Il existe en Tunisie des initiatives de d\u00e9veloppement \u00e9cotouristique, des services et des produits pionniers tant individuels que collectifs (MEDD, 2009). Certaines associations et organisations nationales et internationales per\u00e7oivent l\u2019activit\u00e9 \u00e9cotouristique comme \u00e9tant g\u00e9n\u00e9ratrice de revenus pour les communaut\u00e9s locales. Maugr\u00e9\u00e9es d\u00e9marches qui ne sont pas assez d\u00e9velopp\u00e9es sur le plan participation des populations locales, nous trouvons quelques promoteurs priv\u00e9s qui croient en leurs projets. En Tunisie, l\u2019\u00e9cotourisme peut constituer un march\u00e9 prometteur et r\u00e9mun\u00e9rateur : les projets d\u2019\u00e9cotourisme ont besoin d\u2019investissements plus r\u00e9duits que ceux du tourisme classique ; cependant, cette forme de tourisme durable une b\u00e9n\u00e9ficie, aujourd\u2019hui, que des incitations communes au tourisme en g\u00e9n\u00e9ral (enregistrement au droit fixe, exon\u00e9ration des b\u00e9n\u00e9fices r\u00e9investis, etc.) (MEDD, 2009).<\/p>\n\n\n\n<p>Actuellement, plusieurs projets int\u00e9ressants visent le d\u00e9veloppement \u00e9cotouristique en Tunisie. Le projet \u00e0 \u00e9cotourisme et conservation de la diversit\u00e9 biologique d\u00e9sertique en Tunisie financ\u00e9 par la Banque Mondiale est entam\u00e9 par le MEDD depuis 2013. Ce projet a pour objectifs :<\/p>\n\n\n\n<p>\u2013 La promotion des conditions favorables pour la Gestion des Aires Prot\u00e9g\u00e9es, le renforcement de la Gestion Durable des Terres et le d\u00e9veloppement de l\u2019\u00e9cotourisme<\/p>\n\n\n\n<p>\u2013 L\u2019appui \u00e0 la mise en \u0153uvre d\u2019une gestion int\u00e9gr\u00e9e des ressources naturelles des Parcs Nationaux cibl\u00e9s et les zones adjacentes.<\/p>\n\n\n\n<p>Une autre initiative remarquable est le projet financ\u00e9 par l\u2019Union Europ\u00e9enne en 2013, intitul\u00e9 L\u2019exp\u00e9rience m\u00e9diterran\u00e9enne de l\u2019Ecotourisme MEET. Ce projet vise \u00e0 am\u00e9liorer la durabilit\u00e9 et la rationalisation de la distribution du secteur du tourisme dans la r\u00e9gion m\u00e9diterran\u00e9enne avec l\u2019objectif de promouvoir le tourisme durable, le d\u00e9veloppement socio-\u00e9conomique et le renforcement des territoires et de leurs populations.<\/p>\n\n\n\n<p>Description de l\u2019offre actuelle du Parc<\/p>\n\n\n\n<h2 class=\"wp-block-heading\">Inventaire des attractions touristiques&nbsp;:<\/h2>\n\n\n\n<p>Le Parc National de Bou-Hedma offre un paysage pr\u00e9saharien unique en Afrique du Nord et ce par une diversit\u00e9 g\u00e9omorphologique, \u00e9daphique et environnementale tr\u00e8s vari\u00e9e. Ce qui a permis l\u2019installation d\u2019une flore relativement riche et bien adapt\u00e9e aux conditions du milieu. Autrefois, la r\u00e9gion de Bou-Hedma pr\u00e9sentait une diversit\u00e9 faunistique tr\u00e8s vari\u00e9e \u00e0 savoir l\u2019El\u00e9phant d\u2019Afrique du Nord, le Buffle Sauvage, l\u2019Antilope Bubale, le Lion de l\u2019Atlas, l\u2019Oryx, l\u2019Addax, etc. Au fil des ann\u00e9es cette grande faune a progressivement disparu.<\/p>\n\n\n\n<p>\u00c0 partir des ann\u00e9es 80, une partie de cette faune disparue, a fait l\u2019objet de r\u00e9introduction dans le Parc \u00e0 savoir l\u2019Oryx, l\u2019Addax, la gazelle M\u2019horr, le Mouflon \u00e0 manchette et l\u2019Autruche. Il faut noter que ces esp\u00e8ces se multiplient d\u2019une mani\u00e8re naturelle, ce qui a donn\u00e9 \u00e0 l\u2019op\u00e9ration un net succ\u00e8s et a enrichie le Parc sur le plan offre touristique.<\/p>\n\n\n\n<p>Toutefois, on note la pr\u00e9sence de plusieurs autres attractions touristiques dans les diff\u00e9rentes zones du Parc. Dans la ZPI1 (figure 2), qui est la zone principale du Parc, on peut r\u00e9pertorier des enclos d\u2019exposition d\u2019animaux sauvages (actuellement il renferme des mouflons \u00e0 manchettes), une collection de cact\u00e9es, une aire de repos comprenant des banquettes et des tables construites en pierres (r\u00e9serv\u00e9es pour le pique-nique), un caf\u00e9 (en cours de construction), des toilettes publiques, un bassin d\u2019accumulation des eaux de sources, l\u2019ancien caravanes rail, un \u00e9comus\u00e9e, deux maisons d\u2019h\u00e9bergement et un parking. A part la richesse floristique et faunistique, le Parc, dans sa (ZPI1), (figure 2) dispose d\u2019une multitude d\u2019atouts dont la source Ain Boucharchara, les grottes berb\u00e8res dans la partie montagneuse du site panoramique de Ain Nouh avec sa source en amont et sa p\u00e9pini\u00e8re sur le pi\u00e9mont, les tumulus pr\u00e9historiques, les anciennes citernes et les marabouts dans le bas versant.<\/p>\n\n\n\n<p>Concernant la (ZPI3), on distingue qu\u2019elle est beaucoup plus riche en faune sauvage que la (ZPI1) et l\u2019observation des animaux y est spectaculaire. En effet, la (ZP3) dispose d\u2019un poste de vigie surmont\u00e9 d\u2019un mirador atteignant 17 m de hauteur, malheureusement, non \u00e9quip\u00e9 par un poste radio ni t\u00e9lescope. Nous observons, \u00e9galement, des ouvrages hydrauliques et des ruines Romaines remarquables et attractifs. Les pistes et les sentiers sont bien entretenus et carrossables. La flore est \u00e0 peu pr\u00e8s la m\u00eame que celle du bas versant de la (ZP1). Par ailleurs, la r\u00e9g\u00e9n\u00e9ration naturelle des Acacias tortillis est visible et, par endroit, elle forme des petits bosquets denses.<\/p>\n\n\n\n<p>En dehors des zones de protection int\u00e9grales, nous pouvons trouver plusieurs sites d\u2019int\u00e9r\u00eat touristique. Pour ce travail, nous nous limitons \u00e0 deux sites \u00e0 savoir la source thermale de Sidi M\u2019hammed El Haddej et les ruines romaines de Zammour. Concernant la source thermale de Sidi M\u2019hammed El Haddej, elle est situ\u00e9e dans une palmeraie, ce qui donne \u00e0 l\u2019endroit une beaut\u00e9 suppl\u00e9mentaire et attractive, \u00e0 ses alentours, il y a les huttes et les grottes berb\u00e8res. Dans le m\u00eame site, on note la pr\u00e9sence de vestiges pr\u00e9historiques : silex taill\u00e9 dans le site. Par ailleurs, le site Romain de Zammour comprend des mosa\u00efques d\u2019une conservation exceptionnelle ce qui donne au site une plus-value pour l\u2019attraction touristique, surtout pour ceux qui partent pour le tourisme saharien.<\/p>\n\n\n\n<h2 class=\"wp-block-heading\">Caract\u00e9risation des services et infrastructures actuels de la zone<\/h2>\n\n\n\n<p>Dans la zone d\u2019\u00e9tude, les services et les infrastructures sont limit\u00e9s. La seule possibilit\u00e9 d\u2019h\u00e9bergement est celle qui existe dans le Parc et qui se r\u00e9sume en deux bungalows r\u00e9cemment construits mais, malheureusement, non \u00e9quip\u00e9es en eau potable. Par ailleurs, la restauration est possible dans l\u2019aire de repos et ce par l\u2019organisation de repas l\u00e9gers (boissons et sandwichs). Ceci prouve le r\u00f4le que peut jouer la population locale en assurant les services de restauration, d\u2019h\u00e9bergement, etc. L\u2019offre de restauration devrait se d\u00e9velopper \u00e0 l\u2019ext\u00e9rieur du Parc. Cela reste d\u00e9pendant des effectifs de touristes et visiteurs qui viennent dans la r\u00e9gion et la r\u00e9solution des probl\u00e8mes fonciers qui existent. Par ailleurs, il est possible de dresser des tentes et des caravanes permettant l\u2019h\u00e9bergement dans le Parc et \u00e0 ses alentours comme par exemple la source thermale Ain Haddej qui peut faire l\u2019objet d\u2019une aire de camping.<\/p>\n\n\n\n<p>Les infrastructures et les enclaves d\u2019int\u00e9r\u00eat \u00e9cotouristique sont propri\u00e9t\u00e9s publiques de l\u2019Etat Tunisien et sont, actuellement, toutes g\u00e9r\u00e9es par la DGF. Il est primordial de promouvoir la participation de la population \u00e0 travers de petites entreprises, les organisations de la soci\u00e9t\u00e9 civile et les ONGs pour g\u00e9rer et valoriser ces endroits.<\/p>\n\n\n\n<p>Par ailleurs, toutes les attractions touristiques ainsi que les services et infrastructures sont catalogu\u00e9es selon les cat\u00e9gories suivantes :<\/p>\n\n\n\n<h3 class=\"wp-block-heading\">\u2013 Infrastructures basiques<\/h3>\n\n\n\n<ul class=\"wp-block-list\">\n<li><a rel=\"noreferrer noopener\" href=\"http:\/\/bouhedma.inrgref.ctfc.cat\/wp-content\/uploads\/2016\/02\/1.pdf\" target=\"_blank\">Entr\u00e9 principale (Bou-Hed ma)<\/a><\/li>\n\n\n\n<li><a href=\"http:\/\/bouhedma.inrgref.ctfc.cat\/wp-content\/uploads\/2016\/02\/2.pdf\" target=\"_blank\" rel=\"noreferrer noopener\">EntrEe principale (Haddej)<\/a><\/li>\n\n\n\n<li><a rel=\"noreferrer noopener\" href=\"http:\/\/bouhedma.inrgref.ctfc.cat\/wp-content\/uploads\/2016\/02\/3.pdf\" target=\"_blank\">Conduites d&#8217;au dans le Parc et bass ins d&#8217;abreuvement des animaux<\/a><\/li>\n\n\n\n<li><a rel=\"noreferrer noopener\" href=\"http:\/\/bouhedma.inrgref.ctfc.cat\/wp-content\/uploads\/2016\/02\/4.pdf\" target=\"_blank\">p\u00e9pinire et bassin piscicole<\/a><\/li>\n\n\n\n<li><a rel=\"noreferrer noopener\" href=\"http:\/\/bouhedma.inrgref.ctfc.cat\/wp-content\/uploads\/2016\/02\/5.pdf\" target=\"_blank\">Bass in d&#8217;accumulation des eaux de sources<\/a><\/li>\n\n\n\n<li><a href=\"http:\/\/bouhedma.inrgref.ctfc.cat\/wp-content\/uploads\/2016\/02\/6.pdf\" target=\"_blank\" rel=\"noreferrer noopener\">Poste de vigie<\/a><\/li>\n\n\n\n<li><a href=\"http:\/\/bouhedma.inrgref.ctfc.cat\/wp-content\/uploads\/2016\/02\/7.pdf\" target=\"_blank\" rel=\"noreferrer noopener\">Poste forestier<\/a><\/li>\n\n\n\n<li><a href=\"http:\/\/bouhedma.inrgref.ctfc.cat\/wp-content\/uploads\/2016\/02\/8.pdf\" target=\"_blank\" rel=\"noreferrer noopener\">Ab reuvoirs et mangeoires pour les animaux sauvages<\/a><\/li>\n<\/ul>\n\n\n\n<h3 class=\"wp-block-heading\">\u2013 Infrastructures d\u2019accueil<\/h3>\n\n\n\n<ul class=\"wp-block-list\">\n<li><a rel=\"noreferrer noopener\" href=\"http:\/\/bouhedma.inrgref.ctfc.cat\/wp-content\/uploads\/2016\/02\/9.pdf\" target=\"_blank\">Ecomus\u00e9<\/a><\/li>\n\n\n\n<li><a href=\"http:\/\/bouhedma.inrgref.ctfc.cat\/wp-content\/uploads\/2016\/02\/10.pdf\" target=\"_blank\" rel=\"noreferrer noopener\">Aire de repos<\/a><\/li>\n<\/ul>\n\n\n\n<h3 class=\"wp-block-heading\">\u2013 Infrastructures d\u2019h\u00e9bergement<\/h3>\n\n\n\n<ul class=\"wp-block-list\">\n<li><a rel=\"noreferrer noopener\" href=\"http:\/\/bouhedma.inrgref.ctfc.cat\/wp-content\/uploads\/2016\/02\/11.pdf\" target=\"_blank\">Maisons d&#8217;h\u00e9be regement- Bungalows<\/a><\/li>\n<\/ul>\n\n\n\n<h3 class=\"wp-block-heading\">\u2013 Ressources naturelles<\/h3>\n\n\n\n<ul class=\"wp-block-list\">\n<li><a rel=\"noreferrer noopener\" href=\"http:\/\/bouhedma.inrgref.ctfc.cat\/wp-content\/uploads\/2016\/02\/12.pdf\" target=\"_blank\">La steppe \u00c0 Acacia raddiana<\/a><\/li>\n\n\n\n<li><a href=\"http:\/\/bouhedma.inrgref.ctfc.cat\/wp-content\/uploads\/2016\/02\/13.pdf\" target=\"_blank\" rel=\"noreferrer noopener\">Les Oryx (Oryx dammah)<\/a><\/li>\n\n\n\n<li><a href=\"http:\/\/bouhedma.inrgref.ctfc.cat\/wp-content\/uploads\/2016\/02\/14.pdf\" target=\"_blank\" rel=\"noreferrer noopener\">Les Addax (Addax nasomaculatus)<\/a><\/li>\n\n\n\n<li><a href=\"http:\/\/bouhedma.inrgref.ctfc.cat\/wp-content\/uploads\/2016\/02\/15.pdf\" target=\"_blank\" rel=\"noreferrer noopener\">La Gazelle Dorcas<\/a><\/li>\n\n\n\n<li><a href=\"http:\/\/bouhedma.inrgref.ctfc.cat\/wp-content\/uploads\/2016\/02\/16.pdf\" target=\"_blank\" rel=\"noreferrer noopener\">Les Autruches<\/a><\/li>\n\n\n\n<li><a href=\"http:\/\/bouhedma.inrgref.ctfc.cat\/wp-content\/uploads\/2016\/02\/17.pdf\" target=\"_blank\" rel=\"noreferrer noopener\">Les oiseaux<\/a><\/li>\n\n\n\n<li><a rel=\"noreferrer noopener\" href=\"http:\/\/bouhedma.inrgref.ctfc.cat\/wp-content\/uploads\/2016\/02\/18.pdf\" target=\"_blank\">Source Naturelle d&#8217;eau Ain Nouh<\/a><\/li>\n\n\n\n<li><a href=\"http:\/\/bouhedma.inrgref.ctfc.cat\/wp-content\/uploads\/2016\/02\/19.pdf\" target=\"_blank\" rel=\"noreferrer noopener\">Cascade Ain Boucharchara<\/a><\/li>\n\n\n\n<li><a rel=\"noreferrer noopener\" href=\"http:\/\/bouhedma.inrgref.ctfc.cat\/wp-content\/uploads\/2016\/02\/20.pdf\" target=\"_blank\">Source thermale de Sidi M&#8217;hammed El Haddej<\/a><\/li>\n\n\n\n<li><a rel=\"noreferrer noopener\" href=\"http:\/\/bouhedma.inrgref.ctfc.cat\/wp-content\/uploads\/2016\/02\/21.pdf\" target=\"_blank\">Les huttes d&#8217;hommes Capsiens<\/a><\/li>\n<\/ul>\n\n\n\n<h3 class=\"wp-block-heading\">\u2013 Ressources culturelles<\/h3>\n\n\n\n<ul class=\"wp-block-list\">\n<li><a href=\"http:\/\/bouhedma.inrgref.ctfc.cat\/wp-content\/uploads\/2016\/02\/22.pdf\" target=\"_blank\" rel=\"noreferrer noopener\">Marabout Sidi Boukthir<\/a><\/li>\n\n\n\n<li><a href=\"http:\/\/bouhedma.inrgref.ctfc.cat\/wp-content\/uploads\/2016\/02\/23.pdf\" target=\"_blank\" rel=\"noreferrer noopener\">CimetiEre berbEre<\/a><\/li>\n\n\n\n<li><a href=\"http:\/\/bouhedma.inrgref.ctfc.cat\/wp-content\/uploads\/2016\/02\/24.pdf\" target=\"_blank\" rel=\"noreferrer noopener\">Ruines Romaines<\/a><\/li>\n\n\n\n<li><a rel=\"noreferrer noopener\" href=\"http:\/\/bouhedma.inrgref.ctfc.cat\/wp-content\/uploads\/2016\/02\/25.pdf\" target=\"_blank\">Marabout Sidi M&#8217;hammed El Haddej<\/a><\/li>\n\n\n\n<li><a href=\"http:\/\/bouhedma.inrgref.ctfc.cat\/wp-content\/uploads\/2016\/02\/26.pdf\" target=\"_blank\" rel=\"noreferrer noopener\">Tombe aux romains<\/a><\/li>\n<\/ul>\n\n\n<div class=\"wp-block-image\">\n<figure class=\"alignleft size-large is-resized\"><img loading=\"lazy\" decoding=\"async\" src=\"https:\/\/bouhedma.inrgref.ctfc.cat\/wp-content\/uploads\/2023\/02\/T50-zona-est-1024x678.jpg\" alt=\"\" class=\"wp-image-157\" width=\"341\" height=\"225\" srcset=\"https:\/\/bouhedma.inrgref.ctfc.cat\/wp-content\/uploads\/2023\/02\/T50-zona-est-1024x678.jpg 1024w, https:\/\/bouhedma.inrgref.ctfc.cat\/wp-content\/uploads\/2023\/02\/T50-zona-est-300x199.jpg 300w, https:\/\/bouhedma.inrgref.ctfc.cat\/wp-content\/uploads\/2023\/02\/T50-zona-est-768x509.jpg 768w, https:\/\/bouhedma.inrgref.ctfc.cat\/wp-content\/uploads\/2023\/02\/T50-zona-est-1536x1017.jpg 1536w, https:\/\/bouhedma.inrgref.ctfc.cat\/wp-content\/uploads\/2023\/02\/T50-zona-est-2048x1356.jpg 2048w\" sizes=\"auto, (max-width: 341px) 100vw, 341px\" \/><\/figure>\n<\/div>\n\n<div class=\"wp-block-image\">\n<figure class=\"alignleft size-large is-resized\"><img loading=\"lazy\" decoding=\"async\" src=\"https:\/\/bouhedma.inrgref.ctfc.cat\/wp-content\/uploads\/2023\/02\/T-micro-1024x678.jpg\" alt=\"\" class=\"wp-image-158\" width=\"333\" height=\"220\" srcset=\"https:\/\/bouhedma.inrgref.ctfc.cat\/wp-content\/uploads\/2023\/02\/T-micro-1024x678.jpg 1024w, https:\/\/bouhedma.inrgref.ctfc.cat\/wp-content\/uploads\/2023\/02\/T-micro-300x199.jpg 300w, https:\/\/bouhedma.inrgref.ctfc.cat\/wp-content\/uploads\/2023\/02\/T-micro-768x509.jpg 768w, https:\/\/bouhedma.inrgref.ctfc.cat\/wp-content\/uploads\/2023\/02\/T-micro-1536x1017.jpg 1536w, https:\/\/bouhedma.inrgref.ctfc.cat\/wp-content\/uploads\/2023\/02\/T-micro-2048x1356.jpg 2048w\" sizes=\"auto, (max-width: 333px) 100vw, 333px\" \/><\/figure>\n<\/div>\n\n<div class=\"wp-block-image\">\n<figure class=\"alignleft size-large is-resized\"><img loading=\"lazy\" decoding=\"async\" src=\"https:\/\/bouhedma.inrgref.ctfc.cat\/wp-content\/uploads\/2023\/02\/DSC06977-1024x576.jpg\" alt=\"\" class=\"wp-image-200\" width=\"387\" height=\"217\" srcset=\"https:\/\/bouhedma.inrgref.ctfc.cat\/wp-content\/uploads\/2023\/02\/DSC06977-1024x576.jpg 1024w, https:\/\/bouhedma.inrgref.ctfc.cat\/wp-content\/uploads\/2023\/02\/DSC06977-300x169.jpg 300w, https:\/\/bouhedma.inrgref.ctfc.cat\/wp-content\/uploads\/2023\/02\/DSC06977-768x432.jpg 768w, https:\/\/bouhedma.inrgref.ctfc.cat\/wp-content\/uploads\/2023\/02\/DSC06977-1536x864.jpg 1536w, https:\/\/bouhedma.inrgref.ctfc.cat\/wp-content\/uploads\/2023\/02\/DSC06977-2048x1152.jpg 2048w, https:\/\/bouhedma.inrgref.ctfc.cat\/wp-content\/uploads\/2023\/02\/DSC06977-800x450.jpg 800w\" sizes=\"auto, (max-width: 387px) 100vw, 387px\" \/><\/figure>\n<\/div>","protected":false},"excerpt":{"rendered":"<p>L&#8217;Ecotourisme en Tunisie\u00a0: L\u2019\u00e9cotourisme en Tunisie est encore dans un stade initial d\u2019\u00e9volution qui correspond \u00e0 la phase d\u2019exp\u00e9rimentation de nouveau produit. C\u2019est uniquement \u00e0 partir de 2008 que les premiers documents strat\u00e9giques sur l\u2019\u00e9cotourisme commencent \u00e0 appara\u00eetre. Selon l\u2019\u00e9tude strat\u00e9gique sur le d\u00e9veloppement de l\u2019\u00e9cotourisme en Tunisie, \u00e9labor\u00e9 en 2008 par le MEDD, avec [&hellip;]<\/p>\n","protected":false},"author":1,"featured_media":0,"parent":0,"menu_order":0,"comment_status":"closed","ping_status":"closed","template":"","meta":{"om_disable_all_campaigns":false,"_mi_skip_tracking":false,"_themeisle_gutenberg_block_has_review":false,"footnotes":""},"class_list":["post-23","page","type-page","status-publish","hentry","entry"],"aioseo_notices":[],"_links":{"self":[{"href":"https:\/\/bouhedma.inrgref.ctfc.cat\/index.php?rest_route=\/wp\/v2\/pages\/23","targetHints":{"allow":["GET"]}}],"collection":[{"href":"https:\/\/bouhedma.inrgref.ctfc.cat\/index.php?rest_route=\/wp\/v2\/pages"}],"about":[{"href":"https:\/\/bouhedma.inrgref.ctfc.cat\/index.php?rest_route=\/wp\/v2\/types\/page"}],"author":[{"embeddable":true,"href":"https:\/\/bouhedma.inrgref.ctfc.cat\/index.php?rest_route=\/wp\/v2\/users\/1"}],"replies":[{"embeddable":true,"href":"https:\/\/bouhedma.inrgref.ctfc.cat\/index.php?rest_route=%2Fwp%2Fv2%2Fcomments&post=23"}],"version-history":[{"count":13,"href":"https:\/\/bouhedma.inrgref.ctfc.cat\/index.php?rest_route=\/wp\/v2\/pages\/23\/revisions"}],"predecessor-version":[{"id":205,"href":"https:\/\/bouhedma.inrgref.ctfc.cat\/index.php?rest_route=\/wp\/v2\/pages\/23\/revisions\/205"}],"wp:attachment":[{"href":"https:\/\/bouhedma.inrgref.ctfc.cat\/index.php?rest_route=%2Fwp%2Fv2%2Fmedia&parent=23"}],"curies":[{"name":"wp","href":"https:\/\/api.w.org\/{rel}","templated":true}]}}