{"id":5,"date":"2023-02-15T13:05:18","date_gmt":"2023-02-15T13:05:18","guid":{"rendered":"https:\/\/bouhedma.inrgref.ctfc.cat\/?page_id=5"},"modified":"2023-02-16T13:48:31","modified_gmt":"2023-02-16T13:48:31","slug":"objectif","status":"publish","type":"page","link":"https:\/\/bouhedma.inrgref.ctfc.cat\/?page_id=5","title":{"rendered":"<strong>Objectif<\/strong>"},"content":{"rendered":"\n<p><strong>Objectif global :<\/strong><\/p>\n\n\n\n<p>Elaborer des mod\u00e8les consensuels d\u2019am\u00e9nagement et de gestion int\u00e9gr\u00e9s et durables des ressources agro-sylvo-pastorales, compatibles avec les objectifs de conservation des espaces prot\u00e9g\u00e9s tout en visant \u00e0 am\u00e9liorer les conditions de vie des Communaut\u00e9s p\u00e9riph\u00e9riques des Parcs. A travers une approche participative, identifier leurs probl\u00e8mes r\u00e9els en vue de formuler des propositions ad\u00e9quates et discerner des solutions viables tout en incorporant les populations d\u00e9favoris\u00e9es (les femmes, les jeunes\u2026) dans les activit\u00e9s et en renfor\u00e7ant les initiatives naissantes de d\u00e9veloppements \u00e9conomiques de ces zones vuln\u00e9rables ainsi que des entit\u00e9s intervenantes.<\/p>\n\n\n\n<p><strong>Objectifs sp\u00e9cifiques :<\/strong><\/p>\n\n\n\n<p>* Faire un diagnostic actuel de l\u2019environnement naturel et social du Parc National de Bou-Hedma en soulignant surtout les ressources et les utilisations sylvopastorales, conserver la biodiversit\u00e9 du parc et \u00e9laborer la carte phyto\u00e9cologique.&nbsp;<\/p>\n\n\n\n<p>* Diffuser les bienfaits du parc sur la r\u00e9gion et \u00e0 travers des activit\u00e9s participatives pour avoir les opinions des riverains.&nbsp;&nbsp;&nbsp;&nbsp;&nbsp;&nbsp;&nbsp;&nbsp;&nbsp;&nbsp;&nbsp;&nbsp;&nbsp;&nbsp;&nbsp;&nbsp;&nbsp;&nbsp;&nbsp;&nbsp;&nbsp;&nbsp;&nbsp;&nbsp;&nbsp;&nbsp;&nbsp;&nbsp;&nbsp;&nbsp;&nbsp;&nbsp;&nbsp;&nbsp;&nbsp;&nbsp;&nbsp;&nbsp;&nbsp;&nbsp;&nbsp;&nbsp;&nbsp;&nbsp;&nbsp;&nbsp;&nbsp;&nbsp;&nbsp;&nbsp;&nbsp;&nbsp;&nbsp;&nbsp;&nbsp;&nbsp;&nbsp;&nbsp;&nbsp;&nbsp;&nbsp;&nbsp;&nbsp;&nbsp;&nbsp;&nbsp;<\/p>\n\n\n\n<p>* Identifier les ressources pouvant faire l\u2019objet de nouvelles activit\u00e9s durables et rentables par la suite proposer des actions pour leur promotion en int\u00e9grant les femmes, les jeunes\u2026 \u00c9tudier les m\u00e9thodes locales de pacage pour pouvoir \u00e9laborer des directives plus rentables et durable pour la conservation de la biodiversit\u00e9 et du fonctionnement optimal des \u00e9cosyst\u00e8mes du parc.<\/p>\n\n\n\n<p>* Installer des parcelles pilotes pour tester et d\u00e9montrer de nouveaux instruments de gestion agro-sylvo-pastorale de meilleur rendement. Cr\u00e9er des p\u00e9pini\u00e8res du parc pour l\u2019approvisionnement de plants d\u2019int\u00e9r\u00eat sylvopastorale et\/ou m\u00e9dicinal aux b\u00e9n\u00e9fices de tous.<\/p>\n\n\n\n<p>* Identifier des m\u00e9thodes d\u2019optimisation des pouvoirs de n\u00e9gociation et des revenues des populations et promouvoir la participation des entit\u00e9s intervenantes.<\/p>\n","protected":false},"excerpt":{"rendered":"<p>Objectif global : Elaborer des mod\u00e8les consensuels d\u2019am\u00e9nagement et de gestion int\u00e9gr\u00e9s et durables des ressources agro-sylvo-pastorales, compatibles avec les objectifs de conservation des espaces prot\u00e9g\u00e9s tout en visant \u00e0 am\u00e9liorer les conditions de vie des Communaut\u00e9s p\u00e9riph\u00e9riques des Parcs. A travers une approche participative, identifier leurs probl\u00e8mes r\u00e9els en vue de formuler des propositions [&hellip;]<\/p>\n","protected":false},"author":1,"featured_media":0,"parent":0,"menu_order":0,"comment_status":"closed","ping_status":"closed","template":"","meta":{"om_disable_all_campaigns":false,"_mi_skip_tracking":false,"_themeisle_gutenberg_block_has_review":false,"footnotes":""},"class_list":["post-5","page","type-page","status-publish","hentry","entry"],"aioseo_notices":[],"_links":{"self":[{"href":"https:\/\/bouhedma.inrgref.ctfc.cat\/index.php?rest_route=\/wp\/v2\/pages\/5","targetHints":{"allow":["GET"]}}],"collection":[{"href":"https:\/\/bouhedma.inrgref.ctfc.cat\/index.php?rest_route=\/wp\/v2\/pages"}],"about":[{"href":"https:\/\/bouhedma.inrgref.ctfc.cat\/index.php?rest_route=\/wp\/v2\/types\/page"}],"author":[{"embeddable":true,"href":"https:\/\/bouhedma.inrgref.ctfc.cat\/index.php?rest_route=\/wp\/v2\/users\/1"}],"replies":[{"embeddable":true,"href":"https:\/\/bouhedma.inrgref.ctfc.cat\/index.php?rest_route=%2Fwp%2Fv2%2Fcomments&post=5"}],"version-history":[{"count":2,"href":"https:\/\/bouhedma.inrgref.ctfc.cat\/index.php?rest_route=\/wp\/v2\/pages\/5\/revisions"}],"predecessor-version":[{"id":145,"href":"https:\/\/bouhedma.inrgref.ctfc.cat\/index.php?rest_route=\/wp\/v2\/pages\/5\/revisions\/145"}],"wp:attachment":[{"href":"https:\/\/bouhedma.inrgref.ctfc.cat\/index.php?rest_route=%2Fwp%2Fv2%2Fmedia&parent=5"}],"curies":[{"name":"wp","href":"https:\/\/api.w.org\/{rel}","templated":true}]}}