{"id":69,"date":"2023-02-16T10:39:45","date_gmt":"2023-02-16T10:39:45","guid":{"rendered":"https:\/\/bouhedma.inrgref.ctfc.cat\/?page_id=69"},"modified":"2023-02-16T14:28:47","modified_gmt":"2023-02-16T14:28:47","slug":"livrables","status":"publish","type":"page","link":"https:\/\/bouhedma.inrgref.ctfc.cat\/?page_id=69","title":{"rendered":"<strong>Livrables<\/strong>"},"content":{"rendered":"\n<div id=\"wp-block-themeisle-blocks-accordion-969e02da\" class=\"wp-block-themeisle-blocks-accordion exclusive\">\n<details class=\"wp-block-themeisle-blocks-accordion-item\"><summary class=\"wp-block-themeisle-blocks-accordion-item__title\"><div>Diagnostic \u00e9coturistique et Potentialit\u00e9s du parc national de Bou-hedma<\/div><\/summary><div class=\"wp-block-themeisle-blocks-accordion-item__content\">\n<p style=\"margin-left: 50px\"><a rel=\"noreferrer noopener\" href=\"https:\/\/bouhedma.inrgref.ctfc.cat\/wp-content\/uploads\/2023\/01\/Diagnostic-ecoturistique bou-hedma.pdf\" target=\"_blank\">1.Diagnostic \u00e9coturistique et Potentialit\u00e9s du parc national de Bou-hedma<\/a><\/p>\n<\/div><\/details>\n<\/div>\n\n\n\n<div id=\"wp-block-themeisle-blocks-accordion-fd9597b3\" class=\"wp-block-themeisle-blocks-accordion exclusive\">\n<details class=\"wp-block-themeisle-blocks-accordion-item\"><summary class=\"wp-block-themeisle-blocks-accordion-item__title\"><div>Compl\u00e9ments au plan de gestion du parc national de Bou-hedma<\/div><\/summary><div class=\"wp-block-themeisle-blocks-accordion-item__content\">\n<p><p style=\"margin-left: 50px\"><a href=\"https:\/\/bouhedma.inrgref.ctfc.cat\/wp-content\/uploads\/2023\/01\/Plan-de-gestion Bou-Hedma.pdf\" target=\"_blank\" rel=\"noreferrer noopener\">2. Compl\u00e9ments au plan de gestion du parc national de Bou-hedma<\/a><\/p><\/p>\n<\/div><\/details>\n<\/div>\n\n\n\n<div id=\"wp-block-themeisle-blocks-accordion-1bec3ec0\" class=\"wp-block-themeisle-blocks-accordion exclusive\">\n<details class=\"wp-block-themeisle-blocks-accordion-item\"><summary class=\"wp-block-themeisle-blocks-accordion-item__title\"><div>SynTh\u00e8se Des Actions R\u00e9alis\u00e9es<\/div><\/summary><div class=\"wp-block-themeisle-blocks-accordion-item__content\">\n<p><p style=\"margin-left: 50px\"><a href=\"https:\/\/bouhedma.inrgref.ctfc.cat\/wp-content\/uploads\/2023\/01\/Syntese bouhedma.pdf\" target=\"_blank\" rel=\"noreferrer noopener\">3. SynTh\u00e8se Des Actions R\u00e9alis\u00e9es<\/a><\/p><\/p>\n<\/div><\/details>\n<\/div>\n\n\n\n<div id=\"wp-block-themeisle-blocks-accordion-686b9776\" class=\"wp-block-themeisle-blocks-accordion exclusive\">\n<details class=\"wp-block-themeisle-blocks-accordion-item\"><summary class=\"wp-block-themeisle-blocks-accordion-item__title\"><div>Fiches Ecotouristiques<\/div><\/summary><div class=\"wp-block-themeisle-blocks-accordion-item__content\">\n<p><p style=\"margin-left: 50px\"><a href=\"https:\/\/bouhedma.inrgref.ctfc.cat\/wp-content\/uploads\/2023\/01\/fitxa1-L-essence de Bou-Hedma.pdf\" target=\"_blank\" rel=\"noreferrer noopener\">4. L&#8217;essence de Bou-Hedma<\/a><\/p><\/p>\n\n\n\n<p><p style=\"margin-left: 50px\"><a href=\"https:\/\/bouhedma.inrgref.ctfc.cat\/wp-content\/uploads\/2023\/01\/fitxa2-L-ombre-dAcacia.pdf\" target=\"_blank\" rel=\"noreferrer noopener\">5. L&#8217;ombre d&#8217;Acacia<\/a><\/p><\/p>\n\n\n\n<p><p style=\"margin-left: 50px\"><a href=\"https:\/\/bouhedma.inrgref.ctfc.cat\/wp-content\/uploads\/2023\/01\/fitxa3-LA-SAVANE-POUR-LES-PETITS.pdf\" target=\"_blank\" rel=\"noreferrer noopener\">6. La savane pur les petits<\/a><\/p><\/p>\n<\/div><\/details>\n<\/div>\n","protected":false},"excerpt":{"rendered":"","protected":false},"author":1,"featured_media":0,"parent":0,"menu_order":0,"comment_status":"closed","ping_status":"closed","template":"","meta":{"om_disable_all_campaigns":false,"_mi_skip_tracking":false,"_themeisle_gutenberg_block_has_review":false,"footnotes":""},"class_list":["post-69","page","type-page","status-publish","hentry","entry"],"aioseo_notices":[],"_links":{"self":[{"href":"https:\/\/bouhedma.inrgref.ctfc.cat\/index.php?rest_route=\/wp\/v2\/pages\/69","targetHints":{"allow":["GET"]}}],"collection":[{"href":"https:\/\/bouhedma.inrgref.ctfc.cat\/index.php?rest_route=\/wp\/v2\/pages"}],"about":[{"href":"https:\/\/bouhedma.inrgref.ctfc.cat\/index.php?rest_route=\/wp\/v2\/types\/page"}],"author":[{"embeddable":true,"href":"https:\/\/bouhedma.inrgref.ctfc.cat\/index.php?rest_route=\/wp\/v2\/users\/1"}],"replies":[{"embeddable":true,"href":"https:\/\/bouhedma.inrgref.ctfc.cat\/index.php?rest_route=%2Fwp%2Fv2%2Fcomments&post=69"}],"version-history":[{"count":20,"href":"https:\/\/bouhedma.inrgref.ctfc.cat\/index.php?rest_route=\/wp\/v2\/pages\/69\/revisions"}],"predecessor-version":[{"id":181,"href":"https:\/\/bouhedma.inrgref.ctfc.cat\/index.php?rest_route=\/wp\/v2\/pages\/69\/revisions\/181"}],"wp:attachment":[{"href":"https:\/\/bouhedma.inrgref.ctfc.cat\/index.php?rest_route=%2Fwp%2Fv2%2Fmedia&parent=69"}],"curies":[{"name":"wp","href":"https:\/\/api.w.org\/{rel}","templated":true}]}}