{"id":8,"date":"2023-02-15T13:05:56","date_gmt":"2023-02-15T13:05:56","guid":{"rendered":"https:\/\/bouhedma.inrgref.ctfc.cat\/?page_id=8"},"modified":"2023-02-15T13:05:56","modified_gmt":"2023-02-15T13:05:56","slug":"resultats-du-projet","status":"publish","type":"page","link":"https:\/\/bouhedma.inrgref.ctfc.cat\/?page_id=8","title":{"rendered":"<strong>R\u00e9sultats du projet\u00a0<\/strong>"},"content":{"rendered":"\n<p>* Elaboration du Plan de gestion et d\u2019am\u00e9nagement durable et am\u00e9lioration des ressources agro-sylvo-pastorales du PN de Bou-Hedma.<\/p>\n\n\n\n<p>* Cr\u00e9ation d\u2019activit\u00e9s rentables par cons\u00e9quent augmentation des revenus des populations et int\u00e9gration des femmes et des jeunes \u00e0 ces diff\u00e9rentes activit\u00e9s.<\/p>\n\n\n\n<p>* Renforcement des capacit\u00e9s d\u2019organisation et d\u2019interlocution des GDA (groupement de d\u00e9veloppement agricole) locaux.<\/p>\n\n\n\n<p>* Renforcement des capacit\u00e9s de transfert de techniques et solutions de la recherche agricole tunisienne vers les b\u00e9n\u00e9ficiaires ruraux.<\/p>\n\n\n\n<p>* Renforcement des capacit\u00e9s de coordination et d\u2019interlocution des pouvoirs publiques avec les acteurs concern\u00e9s par les zones prot\u00e9g\u00e9es et populations riveraines.<\/p>\n","protected":false},"excerpt":{"rendered":"<p>* Elaboration du Plan de gestion et d\u2019am\u00e9nagement durable et am\u00e9lioration des ressources agro-sylvo-pastorales du PN de Bou-Hedma. * Cr\u00e9ation d\u2019activit\u00e9s rentables par cons\u00e9quent augmentation des revenus des populations et int\u00e9gration des femmes et des jeunes \u00e0 ces diff\u00e9rentes activit\u00e9s. * Renforcement des capacit\u00e9s d\u2019organisation et d\u2019interlocution des GDA (groupement de d\u00e9veloppement agricole) locaux. * [&hellip;]<\/p>\n","protected":false},"author":1,"featured_media":0,"parent":0,"menu_order":0,"comment_status":"closed","ping_status":"closed","template":"","meta":{"om_disable_all_campaigns":false,"_mi_skip_tracking":false,"_themeisle_gutenberg_block_has_review":false,"footnotes":""},"class_list":["post-8","page","type-page","status-publish","hentry","entry"],"aioseo_notices":[],"_links":{"self":[{"href":"https:\/\/bouhedma.inrgref.ctfc.cat\/index.php?rest_route=\/wp\/v2\/pages\/8","targetHints":{"allow":["GET"]}}],"collection":[{"href":"https:\/\/bouhedma.inrgref.ctfc.cat\/index.php?rest_route=\/wp\/v2\/pages"}],"about":[{"href":"https:\/\/bouhedma.inrgref.ctfc.cat\/index.php?rest_route=\/wp\/v2\/types\/page"}],"author":[{"embeddable":true,"href":"https:\/\/bouhedma.inrgref.ctfc.cat\/index.php?rest_route=\/wp\/v2\/users\/1"}],"replies":[{"embeddable":true,"href":"https:\/\/bouhedma.inrgref.ctfc.cat\/index.php?rest_route=%2Fwp%2Fv2%2Fcomments&post=8"}],"version-history":[{"count":1,"href":"https:\/\/bouhedma.inrgref.ctfc.cat\/index.php?rest_route=\/wp\/v2\/pages\/8\/revisions"}],"predecessor-version":[{"id":9,"href":"https:\/\/bouhedma.inrgref.ctfc.cat\/index.php?rest_route=\/wp\/v2\/pages\/8\/revisions\/9"}],"wp:attachment":[{"href":"https:\/\/bouhedma.inrgref.ctfc.cat\/index.php?rest_route=%2Fwp%2Fv2%2Fmedia&parent=8"}],"curies":[{"name":"wp","href":"https:\/\/api.w.org\/{rel}","templated":true}]}}